{"id":4748,"date":"2022-03-31T10:59:44","date_gmt":"2022-03-31T08:59:44","guid":{"rendered":"https:\/\/www.inies.fr\/inies-and-its-data\/"},"modified":"2026-03-19T10:04:53","modified_gmt":"2026-03-19T09:04:53","slug":"inies-and-its-data","status":"publish","type":"page","link":"https:\/\/www.inies.fr\/en\/inies-and-its-data\/","title":{"rendered":"INIES and its data"},"content":{"rendered":"\t\t<div data-elementor-type=\"wp-page\" data-elementor-id=\"4748\" class=\"elementor elementor-4748 elementor-1960\" data-elementor-post-type=\"page\">\n\t\t\t\t\t\t<section class=\"elementor-section elementor-top-section elementor-element elementor-element-7fd522c3 elementor-section-boxed elementor-section-height-default elementor-section-height-default\" data-id=\"7fd522c3\" data-element_type=\"section\" data-e-type=\"section\" data-settings=\"{&quot;background_background&quot;:&quot;classic&quot;}\">\n\t\t\t\t\t\t\t<div class=\"elementor-background-overlay\"><\/div>\n\t\t\t\t\t\t\t<div class=\"elementor-container elementor-column-gap-default\">\n\t\t\t\t\t<div class=\"elementor-column elementor-col-100 elementor-top-column elementor-element elementor-element-3d9ac0b7\" data-id=\"3d9ac0b7\" data-element_type=\"column\" data-e-type=\"column\">\n\t\t\t<div class=\"elementor-widget-wrap elementor-element-populated\">\n\t\t\t\t\t\t\t<\/div>\n\t\t<\/div>\n\t\t\t\t\t<\/div>\n\t\t<\/section>\n\t\t\t\t<section class=\"elementor-section elementor-top-section elementor-element elementor-element-477f673a elementor-section-boxed elementor-section-height-default elementor-section-height-default\" data-id=\"477f673a\" data-element_type=\"section\" data-e-type=\"section\">\n\t\t\t\t\t\t<div class=\"elementor-container elementor-column-gap-default\">\n\t\t\t\t\t<div class=\"elementor-column elementor-col-100 elementor-top-column elementor-element elementor-element-2c2ba949\" data-id=\"2c2ba949\" data-element_type=\"column\" data-e-type=\"column\">\n\t\t\t<div class=\"elementor-widget-wrap elementor-element-populated\">\n\t\t\t\t\t\t<div class=\"elementor-element elementor-element-62f87836 elementor-widget elementor-widget-breadcrumbs\" data-id=\"62f87836\" data-element_type=\"widget\" data-e-type=\"widget\" data-widget_type=\"breadcrumbs.default\">\n\t\t\t\t<div class=\"elementor-widget-container\">\n\t\t\t\t\t<p id=\"breadcrumbs\"><span><span><a href=\"https:\/\/www.inies.fr\/en\/\">Home<\/a><\/span><\/span><\/p>\t\t\t\t<\/div>\n\t\t\t\t<\/div>\n\t\t\t\t\t<\/div>\n\t\t<\/div>\n\t\t\t\t\t<\/div>\n\t\t<\/section>\n\t\t\t\t<section class=\"elementor-section elementor-top-section elementor-element elementor-element-73b2b145 elementor-section-boxed elementor-section-height-default elementor-section-height-default\" data-id=\"73b2b145\" data-element_type=\"section\" data-e-type=\"section\">\n\t\t\t\t\t\t<div class=\"elementor-container elementor-column-gap-wider\">\n\t\t\t\t\t<div class=\"elementor-column elementor-col-100 elementor-top-column elementor-element elementor-element-3c9e3ad4\" data-id=\"3c9e3ad4\" data-element_type=\"column\" data-e-type=\"column\">\n\t\t\t<div class=\"elementor-widget-wrap elementor-element-populated\">\n\t\t\t\t\t\t<div class=\"elementor-element elementor-element-3ea42c5 elementor-widget elementor-widget-shortcode\" data-id=\"3ea42c5\" data-element_type=\"widget\" data-e-type=\"widget\" data-widget_type=\"shortcode.default\">\n\t\t\t\t<div class=\"elementor-widget-container\">\n\t\t\t\t\t\t\t<div class=\"elementor-shortcode\">    <div>\n                    <article class=\"childpages col post-2728\">\n                <div class=\"childpages-contenu d-flex justify-content-between align-items-center\">\n                    <a href=\"https:\/\/www.inies.fr\/en\/inies-and-its-data\/fdes-construction-products\/\">\n                        <h3 class=\"texte-inies-dark-blue\">FDES (Construction products)<\/h3>\n                    <\/a>\n                    <div class=\"\">\n                        <a href=\"https:\/\/www.inies.fr\/en\/inies-and-its-data\/fdes-construction-products\/\" class=\"mx-5\">Acc\u00e9der<\/a>\n                    <\/div>\n                <\/div>\n            <\/article>\n                    <article class=\"childpages col post-4539\">\n                <div class=\"childpages-contenu d-flex justify-content-between align-items-center\">\n                    <a href=\"https:\/\/www.inies.fr\/en\/inies-and-its-data\/configurators\/\">\n                        <h3 class=\"texte-inies-dark-blue\">Configurators<\/h3>\n                    <\/a>\n                    <div class=\"\">\n                        <a href=\"https:\/\/www.inies.fr\/en\/inies-and-its-data\/configurators\/\" class=\"mx-5\">Acc\u00e9der<\/a>\n                    <\/div>\n                <\/div>\n            <\/article>\n                    <article class=\"childpages col post-23787\">\n                <div class=\"childpages-contenu d-flex justify-content-between align-items-center\">\n                    <a href=\"https:\/\/www.inies.fr\/en\/inies-and-its-data\/pep-building-equipment\/\">\n                        <h3 class=\"texte-inies-dark-blue\">PEP (Building equipment)<\/h3>\n                    <\/a>\n                    <div class=\"\">\n                        <a href=\"https:\/\/www.inies.fr\/en\/inies-and-its-data\/pep-building-equipment\/\" class=\"mx-5\">Acc\u00e9der<\/a>\n                    <\/div>\n                <\/div>\n            <\/article>\n                    <article class=\"childpages col post-23790\">\n                <div class=\"childpages-contenu d-flex justify-content-between align-items-center\">\n                    <a href=\"https:\/\/www.inies.fr\/en\/inies-and-its-data\/life-cycle-inventory\/\">\n                        <h3 class=\"texte-inies-dark-blue\">Life cycle inventory<\/h3>\n                    <\/a>\n                    <div class=\"\">\n                        <a href=\"https:\/\/www.inies.fr\/en\/inies-and-its-data\/life-cycle-inventory\/\" class=\"mx-5\">Acc\u00e9der<\/a>\n                    <\/div>\n                <\/div>\n            <\/article>\n                    <article class=\"childpages col post-23793\">\n                <div class=\"childpages-contenu d-flex justify-content-between align-items-center\">\n                    <a href=\"https:\/\/www.inies.fr\/en\/inies-and-its-data\/autres-donnees-de-la-base-inies\/\">\n                        <h3 class=\"texte-inies-dark-blue\">Autres donn\u00e9es de la base INIES<\/h3>\n                    <\/a>\n                    <div class=\"\">\n                        <a href=\"https:\/\/www.inies.fr\/en\/inies-and-its-data\/autres-donnees-de-la-base-inies\/\" class=\"mx-5\">Acc\u00e9der<\/a>\n                    <\/div>\n                <\/div>\n            <\/article>\n            <\/div>\n<\/div>\n\t\t\t\t\t\t<\/div>\n\t\t\t\t<\/div>\n\t\t\t\t\t<\/div>\n\t\t<\/div>\n\t\t\t\t\t<\/div>\n\t\t<\/section>\n\t\t\t\t<\/div>\n\t\t","protected":false},"excerpt":{"rendered":"","protected":false},"author":1,"featured_media":2880,"parent":0,"menu_order":0,"comment_status":"closed","ping_status":"closed","template":"","meta":{"_acf_changed":false,"footnotes":""},"class_list":["post-4748","page","type-page","status-publish","has-post-thumbnail","hentry"],"acf":[],"yoast_head":"<!-- This site is optimized with the Yoast SEO plugin v27.2 - https:\/\/yoast.com\/product\/yoast-seo-wordpress\/ -->\n<title>INIES and its data - Inies<\/title>\n<meta name=\"description\" content=\"Developed since 2004, the INIES database is an operational and indispensable data tool for generalising the eco-design of buildings.\" \/>\n<meta name=\"robots\" content=\"index, follow, max-snippet:-1, max-image-preview:large, max-video-preview:-1\" \/>\n<link rel=\"canonical\" href=\"https:\/\/www.inies.fr\/en\/inies-and-its-data\/\" \/>\n<meta property=\"og:locale\" content=\"en_US\" \/>\n<meta property=\"og:type\" content=\"article\" \/>\n<meta property=\"og:title\" content=\"INIES and its data - Inies\" \/>\n<meta property=\"og:description\" content=\"Developed since 2004, the INIES database is an operational and indispensable tool for generalising the eco-design of buildings.\" \/>\n<meta property=\"og:url\" content=\"https:\/\/www.inies.fr\/en\/inies-and-its-data\/\" \/>\n<meta property=\"og:site_name\" content=\"Inies\" \/>\n<meta property=\"article:modified_time\" content=\"2026-03-19T09:04:53+00:00\" \/>\n<meta property=\"og:image\" content=\"https:\/\/inies-dev.armstrong.space\/wp-content\/uploads\/2021\/09\/3.Photo-by-M.-Kaut-on-Unsplash.jpg\" \/>\n<meta name=\"twitter:card\" content=\"summary_large_image\" \/>\n<meta name=\"twitter:title\" content=\"INIES and its data - Inies\" \/>\n<meta name=\"twitter:description\" content=\"Developed since 2004, the INIES database is an operational and indispensable tool for generalising the eco-design of buildings.\" \/>\n<meta name=\"twitter:image\" content=\"https:\/\/inies-dev.armstrong.space\/wp-content\/uploads\/2021\/09\/3.Photo-by-M.-Kaut-on-Unsplash.jpg\" \/>\n<meta name=\"twitter:label1\" content=\"Est. reading time\" \/>\n\t<meta name=\"twitter:data1\" content=\"1 minute\" \/>\n<script type=\"application\/ld+json\" class=\"yoast-schema-graph\">{\"@context\":\"https:\/\/schema.org\",\"@graph\":[{\"@type\":\"WebPage\",\"@id\":\"https:\/\/www.inies.fr\/en\/inies-and-its-data\/\",\"url\":\"https:\/\/www.inies.fr\/en\/inies-and-its-data\/\",\"name\":\"INIES and its data - Inies\",\"isPartOf\":{\"@id\":\"https:\/\/www.inies.fr\/en\/#website\"},\"primaryImageOfPage\":{\"@id\":\"https:\/\/www.inies.fr\/en\/inies-and-its-data\/#primaryimage\"},\"image\":{\"@id\":\"https:\/\/www.inies.fr\/en\/inies-and-its-data\/#primaryimage\"},\"thumbnailUrl\":\"https:\/\/www.inies.fr\/wp-content\/uploads\/2021\/09\/3.Photo-by-M.-Kaut-on-Unsplash.jpg\",\"datePublished\":\"2022-03-31T08:59:44+00:00\",\"dateModified\":\"2026-03-19T09:04:53+00:00\",\"description\":\"Developed since 2004, the INIES database is an operational and indispensable data tool for generalising the eco-design of buildings.\",\"breadcrumb\":{\"@id\":\"https:\/\/www.inies.fr\/en\/inies-and-its-data\/#breadcrumb\"},\"inLanguage\":\"en-US\",\"potentialAction\":[{\"@type\":\"ReadAction\",\"target\":[\"https:\/\/www.inies.fr\/en\/inies-and-its-data\/\"]}]},{\"@type\":\"ImageObject\",\"inLanguage\":\"en-US\",\"@id\":\"https:\/\/www.inies.fr\/en\/inies-and-its-data\/#primaryimage\",\"url\":\"https:\/\/www.inies.fr\/wp-content\/uploads\/2021\/09\/3.Photo-by-M.-Kaut-on-Unsplash.jpg\",\"contentUrl\":\"https:\/\/www.inies.fr\/wp-content\/uploads\/2021\/09\/3.Photo-by-M.-Kaut-on-Unsplash.jpg\",\"width\":2000,\"height\":1124,\"caption\":\"Photo by M. Kaut on Unsplash\"},{\"@type\":\"BreadcrumbList\",\"@id\":\"https:\/\/www.inies.fr\/en\/inies-and-its-data\/#breadcrumb\",\"itemListElement\":[{\"@type\":\"ListItem\",\"position\":1,\"name\":\"Home\",\"item\":\"https:\/\/www.inies.fr\/en\/\"},{\"@type\":\"ListItem\",\"position\":2,\"name\":\"INIES and its data\"}]},{\"@type\":\"WebSite\",\"@id\":\"https:\/\/www.inies.fr\/en\/#website\",\"url\":\"https:\/\/www.inies.fr\/en\/\",\"name\":\"Inies\",\"description\":\"les donn\u00e9es environnementales et sanitaires de r\u00e9f\u00e9rence pour le b\u00e2timent et la RE2020\",\"publisher\":{\"@id\":\"https:\/\/www.inies.fr\/en\/#organization\"},\"potentialAction\":[{\"@type\":\"SearchAction\",\"target\":{\"@type\":\"EntryPoint\",\"urlTemplate\":\"https:\/\/www.inies.fr\/en\/?s={search_term_string}\"},\"query-input\":{\"@type\":\"PropertyValueSpecification\",\"valueRequired\":true,\"valueName\":\"search_term_string\"}}],\"inLanguage\":\"en-US\"},{\"@type\":\"Organization\",\"@id\":\"https:\/\/www.inies.fr\/en\/#organization\",\"name\":\"Inies\",\"url\":\"https:\/\/www.inies.fr\/en\/\",\"logo\":{\"@type\":\"ImageObject\",\"inLanguage\":\"en-US\",\"@id\":\"https:\/\/www.inies.fr\/en\/#\/schema\/logo\/image\/\",\"url\":\"https:\/\/www.inies.fr\/wp-content\/uploads\/2021\/05\/inies-logo.png\",\"contentUrl\":\"https:\/\/www.inies.fr\/wp-content\/uploads\/2021\/05\/inies-logo.png\",\"width\":159,\"height\":83,\"caption\":\"Inies\"},\"image\":{\"@id\":\"https:\/\/www.inies.fr\/en\/#\/schema\/logo\/image\/\"}}]}<\/script>\n<!-- \/ Yoast SEO plugin. -->","yoast_head_json":{"title":"INIES and its data - Inies","description":"Developed since 2004, the INIES database is an operational and indispensable data tool for generalising the eco-design of buildings.","robots":{"index":"index","follow":"follow","max-snippet":"max-snippet:-1","max-image-preview":"max-image-preview:large","max-video-preview":"max-video-preview:-1"},"canonical":"https:\/\/www.inies.fr\/en\/inies-and-its-data\/","og_locale":"en_US","og_type":"article","og_title":"INIES and its data - Inies","og_description":"Developed since 2004, the INIES database is an operational and indispensable tool for generalising the eco-design of buildings.","og_url":"https:\/\/www.inies.fr\/en\/inies-and-its-data\/","og_site_name":"Inies","article_modified_time":"2026-03-19T09:04:53+00:00","og_image":[{"url":"https:\/\/inies-dev.armstrong.space\/wp-content\/uploads\/2021\/09\/3.Photo-by-M.-Kaut-on-Unsplash.jpg","type":"","width":"","height":""}],"twitter_card":"summary_large_image","twitter_title":"INIES and its data - Inies","twitter_description":"Developed since 2004, the INIES database is an operational and indispensable tool for generalising the eco-design of buildings.","twitter_image":"https:\/\/inies-dev.armstrong.space\/wp-content\/uploads\/2021\/09\/3.Photo-by-M.-Kaut-on-Unsplash.jpg","twitter_misc":{"Est. reading time":"1 minute"},"schema":{"@context":"https:\/\/schema.org","@graph":[{"@type":"WebPage","@id":"https:\/\/www.inies.fr\/en\/inies-and-its-data\/","url":"https:\/\/www.inies.fr\/en\/inies-and-its-data\/","name":"INIES and its data - Inies","isPartOf":{"@id":"https:\/\/www.inies.fr\/en\/#website"},"primaryImageOfPage":{"@id":"https:\/\/www.inies.fr\/en\/inies-and-its-data\/#primaryimage"},"image":{"@id":"https:\/\/www.inies.fr\/en\/inies-and-its-data\/#primaryimage"},"thumbnailUrl":"https:\/\/www.inies.fr\/wp-content\/uploads\/2021\/09\/3.Photo-by-M.-Kaut-on-Unsplash.jpg","datePublished":"2022-03-31T08:59:44+00:00","dateModified":"2026-03-19T09:04:53+00:00","description":"Developed since 2004, the INIES database is an operational and indispensable data tool for generalising the eco-design of buildings.","breadcrumb":{"@id":"https:\/\/www.inies.fr\/en\/inies-and-its-data\/#breadcrumb"},"inLanguage":"en-US","potentialAction":[{"@type":"ReadAction","target":["https:\/\/www.inies.fr\/en\/inies-and-its-data\/"]}]},{"@type":"ImageObject","inLanguage":"en-US","@id":"https:\/\/www.inies.fr\/en\/inies-and-its-data\/#primaryimage","url":"https:\/\/www.inies.fr\/wp-content\/uploads\/2021\/09\/3.Photo-by-M.-Kaut-on-Unsplash.jpg","contentUrl":"https:\/\/www.inies.fr\/wp-content\/uploads\/2021\/09\/3.Photo-by-M.-Kaut-on-Unsplash.jpg","width":2000,"height":1124,"caption":"Photo by M. Kaut on Unsplash"},{"@type":"BreadcrumbList","@id":"https:\/\/www.inies.fr\/en\/inies-and-its-data\/#breadcrumb","itemListElement":[{"@type":"ListItem","position":1,"name":"Home","item":"https:\/\/www.inies.fr\/en\/"},{"@type":"ListItem","position":2,"name":"INIES and its data"}]},{"@type":"WebSite","@id":"https:\/\/www.inies.fr\/en\/#website","url":"https:\/\/www.inies.fr\/en\/","name":"Inies","description":"les donn\u00e9es environnementales et sanitaires de r\u00e9f\u00e9rence pour le b\u00e2timent et la RE2020","publisher":{"@id":"https:\/\/www.inies.fr\/en\/#organization"},"potentialAction":[{"@type":"SearchAction","target":{"@type":"EntryPoint","urlTemplate":"https:\/\/www.inies.fr\/en\/?s={search_term_string}"},"query-input":{"@type":"PropertyValueSpecification","valueRequired":true,"valueName":"search_term_string"}}],"inLanguage":"en-US"},{"@type":"Organization","@id":"https:\/\/www.inies.fr\/en\/#organization","name":"Inies","url":"https:\/\/www.inies.fr\/en\/","logo":{"@type":"ImageObject","inLanguage":"en-US","@id":"https:\/\/www.inies.fr\/en\/#\/schema\/logo\/image\/","url":"https:\/\/www.inies.fr\/wp-content\/uploads\/2021\/05\/inies-logo.png","contentUrl":"https:\/\/www.inies.fr\/wp-content\/uploads\/2021\/05\/inies-logo.png","width":159,"height":83,"caption":"Inies"},"image":{"@id":"https:\/\/www.inies.fr\/en\/#\/schema\/logo\/image\/"}}]}},"_links":{"self":[{"href":"https:\/\/www.inies.fr\/en\/wp-json\/wp\/v2\/pages\/4748","targetHints":{"allow":["GET"]}}],"collection":[{"href":"https:\/\/www.inies.fr\/en\/wp-json\/wp\/v2\/pages"}],"about":[{"href":"https:\/\/www.inies.fr\/en\/wp-json\/wp\/v2\/types\/page"}],"author":[{"embeddable":true,"href":"https:\/\/www.inies.fr\/en\/wp-json\/wp\/v2\/users\/1"}],"replies":[{"embeddable":true,"href":"https:\/\/www.inies.fr\/en\/wp-json\/wp\/v2\/comments?post=4748"}],"version-history":[{"count":1,"href":"https:\/\/www.inies.fr\/en\/wp-json\/wp\/v2\/pages\/4748\/revisions"}],"predecessor-version":[{"id":47576,"href":"https:\/\/www.inies.fr\/en\/wp-json\/wp\/v2\/pages\/4748\/revisions\/47576"}],"wp:featuredmedia":[{"embeddable":true,"href":"https:\/\/www.inies.fr\/en\/wp-json\/wp\/v2\/media\/2880"}],"wp:attachment":[{"href":"https:\/\/www.inies.fr\/en\/wp-json\/wp\/v2\/media?parent=4748"}],"curies":[{"name":"wp","href":"https:\/\/api.w.org\/{rel}","templated":true}]}}