{"id":4750,"date":"2022-03-31T11:00:44","date_gmt":"2022-03-31T09:00:44","guid":{"rendered":"https:\/\/www.inies.fr\/sitemap\/"},"modified":"2026-03-17T15:09:35","modified_gmt":"2026-03-17T14:09:35","slug":"sitemap","status":"publish","type":"page","link":"https:\/\/www.inies.fr\/en\/sitemap\/","title":{"rendered":"Sitemap"},"content":{"rendered":"\t\t<div data-elementor-type=\"wp-page\" data-elementor-id=\"4750\" class=\"elementor elementor-4750 elementor-469\" data-elementor-post-type=\"page\">\n\t\t\t\t\t\t<section class=\"elementor-section elementor-top-section elementor-element elementor-element-89f1650 elementor-section-boxed elementor-section-height-default elementor-section-height-default\" data-id=\"89f1650\" data-element_type=\"section\" data-e-type=\"section\" data-settings=\"{&quot;background_background&quot;:&quot;classic&quot;}\">\n\t\t\t\t\t\t\t<div class=\"elementor-background-overlay\"><\/div>\n\t\t\t\t\t\t\t<div class=\"elementor-container elementor-column-gap-default\">\n\t\t\t\t\t<div class=\"elementor-column elementor-col-100 elementor-top-column elementor-element elementor-element-e14cd45\" data-id=\"e14cd45\" data-element_type=\"column\" data-e-type=\"column\">\n\t\t\t<div class=\"elementor-widget-wrap elementor-element-populated\">\n\t\t\t\t\t\t<div class=\"elementor-element elementor-element-ecfb9e0 elementor-widget elementor-widget-theme-post-title elementor-page-title elementor-widget-heading\" data-id=\"ecfb9e0\" data-element_type=\"widget\" data-e-type=\"widget\" data-widget_type=\"theme-post-title.default\">\n\t\t\t\t<div class=\"elementor-widget-container\">\n\t\t\t\t\t<h1 class=\"elementor-heading-title elementor-size-default\">Sitemap<\/h1>\t\t\t\t<\/div>\n\t\t\t\t<\/div>\n\t\t\t\t\t<\/div>\n\t\t<\/div>\n\t\t\t\t\t<\/div>\n\t\t<\/section>\n\t\t\t\t<section class=\"elementor-section elementor-top-section elementor-element elementor-element-1dc333f elementor-section-boxed elementor-section-height-default elementor-section-height-default\" data-id=\"1dc333f\" data-element_type=\"section\" data-e-type=\"section\">\n\t\t\t\t\t\t<div class=\"elementor-container elementor-column-gap-default\">\n\t\t\t\t\t<div class=\"elementor-column elementor-col-100 elementor-top-column elementor-element elementor-element-9a12cad\" data-id=\"9a12cad\" data-element_type=\"column\" data-e-type=\"column\">\n\t\t\t<div class=\"elementor-widget-wrap elementor-element-populated\">\n\t\t\t\t\t\t<div class=\"elementor-element elementor-element-757c5fe elementor-widget elementor-widget-sitemap\" data-id=\"757c5fe\" data-element_type=\"widget\" data-e-type=\"widget\" data-widget_type=\"sitemap.default\">\n\t\t\t\t<div class=\"elementor-widget-container\">\n\t\t\t\t\t<div class=\"elementor-sitemap-wrap\"><div class=\"elementor-sitemap-section\"><h2 class=\"elementor-sitemap-title elementor-sitemap-page-title\">Pages<\/h2><ul class=\"elementor-sitemap-list elementor-sitemap-page-list\"><li class=\"elementor-sitemap-item elementor-sitemap-item-page page_item page-item-23310\"><a href=\"https:\/\/www.inies.fr\/en\/accueil\/\">Inies, reference environmental and health data for buildings and RE2020<\/a><\/li><li class=\"elementor-sitemap-item elementor-sitemap-item-page page_item page-item-23682\"><a href=\"https:\/\/www.inies.fr\/en\/ressources-documentaires\/\">Documentary resources<\/a><ul class='children'><li class=\"elementor-sitemap-item elementor-sitemap-item-page page_item page-item-4625\"><a href=\"https:\/\/www.inies.fr\/en\/ressources-documentaires\/how-to-consult-the-inies-database\/\">How to consult the INIES database?<\/a><\/li><li class=\"elementor-sitemap-item elementor-sitemap-item-page page_item page-item-4629\"><a href=\"https:\/\/www.inies.fr\/en\/ressources-documentaires\/how-to-register-an-fdes-on-inies\/\">How to register an FDES on INIES?<\/a><\/li><li class=\"elementor-sitemap-item elementor-sitemap-item-page page_item page-item-4680\"><a href=\"https:\/\/www.inies.fr\/en\/ressources-documentaires\/glossary\/\">Glossary<\/a><\/li><li class=\"elementor-sitemap-item elementor-sitemap-item-page page_item page-item-4684\"><a href=\"https:\/\/www.inies.fr\/en\/ressources-documentaires\/frequently-asked-questions\/\">Frequently asked questions<\/a><\/li><li class=\"elementor-sitemap-item elementor-sitemap-item-page page_item page-item-23794\"><a href=\"https:\/\/www.inies.fr\/en\/ressources-documentaires\/espace-presse\/\">Espace presse<\/a><\/li><\/ul><\/li><li class=\"elementor-sitemap-item elementor-sitemap-item-page page_item page-item-4747 current_page_parent\"><a href=\"https:\/\/www.inies.fr\/en\/news\/\">News<\/a><\/li><li class=\"elementor-sitemap-item elementor-sitemap-item-page page_item page-item-23792\"><a href=\"https:\/\/www.inies.fr\/en\/politique-de-confidentialite-2\/\">Mentions l\u00e9gales<\/a><\/li><li class=\"elementor-sitemap-item elementor-sitemap-item-page page_item page-item-4492\"><a href=\"https:\/\/www.inies.fr\/en\/who-are-we\/\">Who are we?<\/a><ul class='children'><li class=\"elementor-sitemap-item elementor-sitemap-item-page page_item page-item-4550\"><a href=\"https:\/\/www.inies.fr\/en\/who-are-we\/our-international-action\/\">Our international action<\/a><\/li><\/ul><\/li><li class=\"elementor-sitemap-item elementor-sitemap-item-page page_item page-item-4507\"><a href=\"https:\/\/www.inies.fr\/en\/inies-for-building\/\">INIES for building<\/a><ul class='children'><li class=\"elementor-sitemap-item elementor-sitemap-item-page page_item page-item-4557\"><a href=\"https:\/\/www.inies.fr\/en\/inies-for-building\/product-lca\/\">Product LCA<\/a><\/li><li class=\"elementor-sitemap-item elementor-sitemap-item-page page_item page-item-4588\"><a href=\"https:\/\/www.inies.fr\/en\/inies-for-building\/building-lca\/\">Building LCA<\/a><\/li><li class=\"elementor-sitemap-item elementor-sitemap-item-page page_item page-item-4595\"><a href=\"https:\/\/www.inies.fr\/en\/inies-for-building\/the-circular-economy\/\">The circular economy<\/a><\/li><li class=\"elementor-sitemap-item elementor-sitemap-item-page page_item page-item-4599\"><a href=\"https:\/\/www.inies.fr\/en\/inies-for-building\/indoor-air-quality\/\">Indoor air quality<\/a><\/li><\/ul><\/li><li class=\"elementor-sitemap-item elementor-sitemap-item-page page_item page-item-4620\"><a href=\"https:\/\/www.inies.fr\/en\/the-digitised-data-webservice\/\">The digitised data webservice<\/a><\/li><li class=\"elementor-sitemap-item elementor-sitemap-item-page page_item page-item-4745\"><a href=\"https:\/\/www.inies.fr\/en\/programs-and-services\/\">Programs and services<\/a><ul class='children'><li class=\"elementor-sitemap-item elementor-sitemap-item-page page_item page-item-4603\"><a href=\"https:\/\/www.inies.fr\/en\/programs-and-services\/the-pep-ecopassport-verification-programme\/\">The PEP ecopassport\u00ae verification programme<\/a><\/li><li class=\"elementor-sitemap-item elementor-sitemap-item-page page_item page-item-4615\"><a href=\"https:\/\/www.inies.fr\/en\/programs-and-services\/the-inies-verification-programme\/\">The INIES verification programme<\/a><\/li><\/ul><\/li><li class=\"elementor-sitemap-item elementor-sitemap-item-page page_item page-item-4748\"><a href=\"https:\/\/www.inies.fr\/en\/inies-and-its-data\/\">INIES and its data<\/a><ul class='children'><li class=\"elementor-sitemap-item elementor-sitemap-item-page page_item page-item-23793\"><a href=\"https:\/\/www.inies.fr\/en\/inies-and-its-data\/autres-donnees-de-la-base-inies\/\">Autres donn\u00e9es de la base INIES<\/a><\/li><li class=\"elementor-sitemap-item elementor-sitemap-item-page page_item page-item-2728\"><a href=\"https:\/\/www.inies.fr\/en\/inies-and-its-data\/fdes-construction-products\/\">FDES (Construction products)<\/a><\/li><li class=\"elementor-sitemap-item elementor-sitemap-item-page page_item page-item-4539\"><a href=\"https:\/\/www.inies.fr\/en\/inies-and-its-data\/configurators\/\">Configurators<\/a><\/li><li class=\"elementor-sitemap-item elementor-sitemap-item-page page_item page-item-23787\"><a href=\"https:\/\/www.inies.fr\/en\/inies-and-its-data\/pep-building-equipment\/\">PEP (Building equipment)<\/a><\/li><li class=\"elementor-sitemap-item elementor-sitemap-item-page page_item page-item-23790\"><a href=\"https:\/\/www.inies.fr\/en\/inies-and-its-data\/life-cycle-inventory\/\">Life cycle inventory<\/a><\/li><\/ul><\/li><li class=\"elementor-sitemap-item elementor-sitemap-item-page page_item page-item-4752\"><a href=\"https:\/\/www.inies.fr\/en\/useful-links\/\">Useful Links<\/a><\/li><li class=\"elementor-sitemap-item elementor-sitemap-item-page page_item page-item-4754\"><a href=\"https:\/\/www.inies.fr\/en\/search-results\/\">Search results<\/a><\/li><\/ul><\/div><\/div>\t\t\t\t<\/div>\n\t\t\t\t<\/div>\n\t\t\t\t\t<\/div>\n\t\t<\/div>\n\t\t\t\t\t<\/div>\n\t\t<\/section>\n\t\t\t\t<\/div>\n\t\t","protected":false},"excerpt":{"rendered":"","protected":false},"author":1,"featured_media":0,"parent":0,"menu_order":0,"comment_status":"closed","ping_status":"closed","template":"","meta":{"_acf_changed":false,"footnotes":""},"class_list":["post-4750","page","type-page","status-publish","hentry"],"acf":[],"yoast_head":"<!-- This site is optimized with the Yoast SEO plugin v27.2 - https:\/\/yoast.com\/product\/yoast-seo-wordpress\/ -->\n<title>Sitemap - Inies<\/title>\n<meta name=\"description\" content=\"Access INIES\u2019s complete sitemap to easily navigate all pages, explore environmental data resources, and find tools for sustainable building.\" \/>\n<meta name=\"robots\" content=\"index, follow, max-snippet:-1, max-image-preview:large, max-video-preview:-1\" \/>\n<link rel=\"canonical\" href=\"https:\/\/www.inies.fr\/en\/sitemap\/\" \/>\n<meta property=\"og:locale\" content=\"en_US\" \/>\n<meta property=\"og:type\" content=\"article\" \/>\n<meta property=\"og:title\" content=\"Sitemap - Inies\" \/>\n<meta property=\"og:description\" content=\"Access INIES\u2019s complete sitemap to easily navigate all pages, explore environmental data resources, and find tools for sustainable building.\" \/>\n<meta property=\"og:url\" content=\"https:\/\/www.inies.fr\/en\/sitemap\/\" \/>\n<meta property=\"og:site_name\" content=\"Inies\" \/>\n<meta property=\"article:modified_time\" content=\"2026-03-17T14:09:35+00:00\" \/>\n<meta name=\"twitter:card\" content=\"summary_large_image\" \/>\n<script type=\"application\/ld+json\" class=\"yoast-schema-graph\">{\"@context\":\"https:\/\/schema.org\",\"@graph\":[{\"@type\":\"WebPage\",\"@id\":\"https:\/\/www.inies.fr\/en\/sitemap\/\",\"url\":\"https:\/\/www.inies.fr\/en\/sitemap\/\",\"name\":\"Sitemap - Inies\",\"isPartOf\":{\"@id\":\"https:\/\/www.inies.fr\/en\/#website\"},\"datePublished\":\"2022-03-31T09:00:44+00:00\",\"dateModified\":\"2026-03-17T14:09:35+00:00\",\"description\":\"Access INIES\u2019s complete sitemap to easily navigate all pages, explore environmental data resources, and find tools for sustainable building.\",\"breadcrumb\":{\"@id\":\"https:\/\/www.inies.fr\/en\/sitemap\/#breadcrumb\"},\"inLanguage\":\"en-US\",\"potentialAction\":[{\"@type\":\"ReadAction\",\"target\":[\"https:\/\/www.inies.fr\/en\/sitemap\/\"]}]},{\"@type\":\"BreadcrumbList\",\"@id\":\"https:\/\/www.inies.fr\/en\/sitemap\/#breadcrumb\",\"itemListElement\":[{\"@type\":\"ListItem\",\"position\":1,\"name\":\"Home\",\"item\":\"https:\/\/www.inies.fr\/en\/\"},{\"@type\":\"ListItem\",\"position\":2,\"name\":\"Sitemap\"}]},{\"@type\":\"WebSite\",\"@id\":\"https:\/\/www.inies.fr\/en\/#website\",\"url\":\"https:\/\/www.inies.fr\/en\/\",\"name\":\"Inies\",\"description\":\"les donn\u00e9es environnementales et sanitaires de r\u00e9f\u00e9rence pour le b\u00e2timent et la RE2020\",\"publisher\":{\"@id\":\"https:\/\/www.inies.fr\/en\/#organization\"},\"potentialAction\":[{\"@type\":\"SearchAction\",\"target\":{\"@type\":\"EntryPoint\",\"urlTemplate\":\"https:\/\/www.inies.fr\/en\/?s={search_term_string}\"},\"query-input\":{\"@type\":\"PropertyValueSpecification\",\"valueRequired\":true,\"valueName\":\"search_term_string\"}}],\"inLanguage\":\"en-US\"},{\"@type\":\"Organization\",\"@id\":\"https:\/\/www.inies.fr\/en\/#organization\",\"name\":\"Inies\",\"url\":\"https:\/\/www.inies.fr\/en\/\",\"logo\":{\"@type\":\"ImageObject\",\"inLanguage\":\"en-US\",\"@id\":\"https:\/\/www.inies.fr\/en\/#\/schema\/logo\/image\/\",\"url\":\"https:\/\/www.inies.fr\/wp-content\/uploads\/2021\/05\/inies-logo.png\",\"contentUrl\":\"https:\/\/www.inies.fr\/wp-content\/uploads\/2021\/05\/inies-logo.png\",\"width\":159,\"height\":83,\"caption\":\"Inies\"},\"image\":{\"@id\":\"https:\/\/www.inies.fr\/en\/#\/schema\/logo\/image\/\"}}]}<\/script>\n<!-- \/ Yoast SEO plugin. -->","yoast_head_json":{"title":"Sitemap - Inies","description":"Access INIES\u2019s complete sitemap to easily navigate all pages, explore environmental data resources, and find tools for sustainable building.","robots":{"index":"index","follow":"follow","max-snippet":"max-snippet:-1","max-image-preview":"max-image-preview:large","max-video-preview":"max-video-preview:-1"},"canonical":"https:\/\/www.inies.fr\/en\/sitemap\/","og_locale":"en_US","og_type":"article","og_title":"Sitemap - Inies","og_description":"Access INIES\u2019s complete sitemap to easily navigate all pages, explore environmental data resources, and find tools for sustainable building.","og_url":"https:\/\/www.inies.fr\/en\/sitemap\/","og_site_name":"Inies","article_modified_time":"2026-03-17T14:09:35+00:00","twitter_card":"summary_large_image","schema":{"@context":"https:\/\/schema.org","@graph":[{"@type":"WebPage","@id":"https:\/\/www.inies.fr\/en\/sitemap\/","url":"https:\/\/www.inies.fr\/en\/sitemap\/","name":"Sitemap - Inies","isPartOf":{"@id":"https:\/\/www.inies.fr\/en\/#website"},"datePublished":"2022-03-31T09:00:44+00:00","dateModified":"2026-03-17T14:09:35+00:00","description":"Access INIES\u2019s complete sitemap to easily navigate all pages, explore environmental data resources, and find tools for sustainable building.","breadcrumb":{"@id":"https:\/\/www.inies.fr\/en\/sitemap\/#breadcrumb"},"inLanguage":"en-US","potentialAction":[{"@type":"ReadAction","target":["https:\/\/www.inies.fr\/en\/sitemap\/"]}]},{"@type":"BreadcrumbList","@id":"https:\/\/www.inies.fr\/en\/sitemap\/#breadcrumb","itemListElement":[{"@type":"ListItem","position":1,"name":"Home","item":"https:\/\/www.inies.fr\/en\/"},{"@type":"ListItem","position":2,"name":"Sitemap"}]},{"@type":"WebSite","@id":"https:\/\/www.inies.fr\/en\/#website","url":"https:\/\/www.inies.fr\/en\/","name":"Inies","description":"les donn\u00e9es environnementales et sanitaires de r\u00e9f\u00e9rence pour le b\u00e2timent et la RE2020","publisher":{"@id":"https:\/\/www.inies.fr\/en\/#organization"},"potentialAction":[{"@type":"SearchAction","target":{"@type":"EntryPoint","urlTemplate":"https:\/\/www.inies.fr\/en\/?s={search_term_string}"},"query-input":{"@type":"PropertyValueSpecification","valueRequired":true,"valueName":"search_term_string"}}],"inLanguage":"en-US"},{"@type":"Organization","@id":"https:\/\/www.inies.fr\/en\/#organization","name":"Inies","url":"https:\/\/www.inies.fr\/en\/","logo":{"@type":"ImageObject","inLanguage":"en-US","@id":"https:\/\/www.inies.fr\/en\/#\/schema\/logo\/image\/","url":"https:\/\/www.inies.fr\/wp-content\/uploads\/2021\/05\/inies-logo.png","contentUrl":"https:\/\/www.inies.fr\/wp-content\/uploads\/2021\/05\/inies-logo.png","width":159,"height":83,"caption":"Inies"},"image":{"@id":"https:\/\/www.inies.fr\/en\/#\/schema\/logo\/image\/"}}]}},"_links":{"self":[{"href":"https:\/\/www.inies.fr\/en\/wp-json\/wp\/v2\/pages\/4750","targetHints":{"allow":["GET"]}}],"collection":[{"href":"https:\/\/www.inies.fr\/en\/wp-json\/wp\/v2\/pages"}],"about":[{"href":"https:\/\/www.inies.fr\/en\/wp-json\/wp\/v2\/types\/page"}],"author":[{"embeddable":true,"href":"https:\/\/www.inies.fr\/en\/wp-json\/wp\/v2\/users\/1"}],"replies":[{"embeddable":true,"href":"https:\/\/www.inies.fr\/en\/wp-json\/wp\/v2\/comments?post=4750"}],"version-history":[{"count":1,"href":"https:\/\/www.inies.fr\/en\/wp-json\/wp\/v2\/pages\/4750\/revisions"}],"predecessor-version":[{"id":47545,"href":"https:\/\/www.inies.fr\/en\/wp-json\/wp\/v2\/pages\/4750\/revisions\/47545"}],"wp:attachment":[{"href":"https:\/\/www.inies.fr\/en\/wp-json\/wp\/v2\/media?parent=4750"}],"curies":[{"name":"wp","href":"https:\/\/api.w.org\/{rel}","templated":true}]}}